{"id":27,"date":"2013-06-25T00:20:06","date_gmt":"2013-06-24T22:20:06","guid":{"rendered":"http:\/\/jeanettepeternek.de\/?page_id=27"},"modified":"2025-02-13T19:29:46","modified_gmt":"2025-02-13T17:29:46","slug":"eltern-beratung","status":"publish","type":"page","link":"https:\/\/jeanettepeternek.de\/?page_id=27","title":{"rendered":"Entwicklungspsychologische Beratung"},"content":{"rendered":"<h4><strong>Die Entwicklungspsychologische Beratung<\/strong> hat das Ziel die Feinf\u00fchligkeit der Eltern zu f\u00f6rdern und&nbsp;somit die Eltern-Kind&nbsp;Bindung&nbsp;zu st\u00e4rken.&nbsp;<\/h4>\n<h4>Sie richtet sich an Eltern mit S\u00e4uglingen und Kleinkindern von 0 bis 3 Jahren.<\/h4>\n<h4>&nbsp;<\/h4>\n<h4>Eine stabile&nbsp;emotionale&nbsp;Beziehung (sichere Bindung)&nbsp;zu einer&nbsp;Bezugsperson&nbsp;bietet&nbsp;einen wichtigen Schutzfaktor bei Belastungen und kann dem Kind in seinem Leben helfen, mit&nbsp;Problemen und&nbsp;Herausforderungen besser&nbsp;umzugehen. Auch k\u00f6nnen durch feinf\u00fchliges Verhalten Entwicklungs- als auch Verhaltensproblemen vorgebeugt werden.&nbsp;&nbsp;<\/h4>\n<h4>&nbsp;<\/h4>\n<h4><span style=\"text-decoration: underline;\">Was wird in der Beratung vermittelt?<\/span><\/h4>\n<ul>\n<li>\n<h4>die Eltern erfahren mehr \u00fcber die kindliche Entwicklung<\/h4>\n<\/li>\n<li>\n<h4>sie lernen die K\u00f6rpersprache und die Signale richtig zu deuten und zu verstehen<\/h4>\n<\/li>\n<li>\n<h4>sie entwickeln die F\u00e4higkeit, angemessen auf das Kind zu reagieren<\/h4>\n<\/li>\n<li>\n<h4>sie lernen L\u00f6sungsschritte umzusetzen<\/h4>\n<\/li>\n<li>\n<h4>sie entwickeln mehr Sicherheit im Umgang mit ihrem Kind<\/h4>\n<\/li>\n<\/ul>\n<h4><span style=\"text-decoration: underline;\">Die Beratung ist geeignet f\u00fcr:&nbsp;<\/span><\/h4>\n<ul>\n<li>\n<h4>alle interessierten Eltern<\/h4>\n<\/li>\n<li>\n<h4>verunsicherte und belastete Eltern<\/h4>\n<\/li>\n<li>\n<h4>Eltern mit Schrei-, Schlaf-, und Ern\u00e4hrungsproblemen (Regulationsst\u00f6rungen) der Kinder<\/h4>\n<\/li>\n<li>\n<h4>Eltern mit fr\u00fchgeborenen Kindern<\/h4>\n<\/li>\n<li>\n<h4>Eltern mit adoptierten Kindern oder Pflegekindern<\/h4>\n<\/li>\n<li>\n<h4>Eltern deren Kinder eine Behinderung haben<\/h4>\n<\/li>\n<li>\n<h4>Eltern mit psychischen Beeintr\u00e4chtigungen oder Suchterkrankungen<\/h4>\n<\/li>\n<li>\n<h4>Eltern mit Bindungsproblematiken<\/h4>\n<\/li>\n<li>\n<h4>Trennungsfamilien u.v.m<\/h4>\n<\/li>\n<\/ul>\n<h4><span style=\"text-decoration: underline;\">Vorgehen:<\/span><\/h4>\n<ul>\n<li>\n<h4>Erstgespr\u00e4ch\/Anamnese<\/h4>\n<\/li>\n<li>\n<h4>kurze Videoaufnahme einer Alltagssituation (Essen, Wickeln, Spielen)<\/h4>\n<\/li>\n<li>\n<h4>Videoanalyse \/ Videofeedback<\/h4>\n<\/li>\n<li>\n<h4>Umsetzung der besprochenen L\u00f6sungsschritte<\/h4>\n<\/li>\n<\/ul>\n<h4>Im Mittelpunkt der Beobachtung steht das Kind. Anhand seines Verhaltens, lernen wir die K\u00f6rpersprache kennen und k\u00f6nnen so feinf\u00fchlig auf das Kind reagieren.<\/h4>\n<h4>&nbsp;<\/h4>\n<h4>Wichtig: Ich, als Beraterin unterliege dabei der Schweigepflicht.&nbsp;<\/h4>\n<h4>&nbsp;<\/h4>\n<h4>Zur Zeit finden die Beratungen nur in meiner Praxis statt. Hausbesuche werden aktuell nicht angeboten.&nbsp;<\/h4>\n<p>&nbsp;<\/p>\n<hr>\n<h4>&nbsp;<\/h4>\n<h4><span style=\"text-decoration: underline;\">Tarif:&nbsp;<\/span><\/h4>\n<h4><span style=\"font-weight: 400;\">Eine Entwicklungspsychologische Beratung&nbsp; wird mit 50 \u20ac die Stunde berechnet.<\/span><\/h4>\n<h4>&nbsp;<\/h4>\n<h4><span style=\"text-decoration: underline;\">Terminvergabe:&nbsp;<\/span><\/h4>\n<h4>Ein Terminvorschlag wird f\u00fcr max. 48 Std. reserviert und bedarf daher eine z\u00fcgige Zusage\/Best\u00e4tigung.<\/h4>\n<h4>&nbsp;<\/h4>\n<h4><span style=\"text-decoration: underline;\">Terminabsage:&nbsp;<\/span><\/h4>\n<h4>Vereinbarte Termine sind mindestens 24 Std. vor dem Termin abzusagen, da sonst eine Ausfallverg\u00fctung von 20 \u20ac in Rechnung gestellt wird.&nbsp;<\/h4>\n<h6>&nbsp;<\/h6>\n<h4>&nbsp;<\/h4>\n","protected":false},"excerpt":{"rendered":"<p>Sie haben Fragen zu Ihrem Kind, wissen nicht weiter, Ihnen ist etwas aufgefallen, Ihr Kind schreit nur oder ist besonders anh\u00e4nglich&#8230;Hier kann ein Termin mit mir vereinbart werden, bei dem wir gemeinsam versuchen, dem Problem auf den Grund zu gehen. <\/p>\n","protected":false},"author":1,"featured_media":0,"parent":0,"menu_order":7,"comment_status":"closed","ping_status":"open","template":"page-full.php","meta":{"ngg_post_thumbnail":0,"footnotes":""},"class_list":["post-27","page","type-page","status-publish","hentry"],"_links":{"self":[{"href":"https:\/\/jeanettepeternek.de\/index.php?rest_route=\/wp\/v2\/pages\/27","targetHints":{"allow":["GET"]}}],"collection":[{"href":"https:\/\/jeanettepeternek.de\/index.php?rest_route=\/wp\/v2\/pages"}],"about":[{"href":"https:\/\/jeanettepeternek.de\/index.php?rest_route=\/wp\/v2\/types\/page"}],"author":[{"embeddable":true,"href":"https:\/\/jeanettepeternek.de\/index.php?rest_route=\/wp\/v2\/users\/1"}],"replies":[{"embeddable":true,"href":"https:\/\/jeanettepeternek.de\/index.php?rest_route=%2Fwp%2Fv2%2Fcomments&post=27"}],"version-history":[{"count":15,"href":"https:\/\/jeanettepeternek.de\/index.php?rest_route=\/wp\/v2\/pages\/27\/revisions"}],"predecessor-version":[{"id":699,"href":"https:\/\/jeanettepeternek.de\/index.php?rest_route=\/wp\/v2\/pages\/27\/revisions\/699"}],"wp:attachment":[{"href":"https:\/\/jeanettepeternek.de\/index.php?rest_route=%2Fwp%2Fv2%2Fmedia&parent=27"}],"curies":[{"name":"wp","href":"https:\/\/api.w.org\/{rel}","templated":true}]}}