{"id":29,"date":"2013-06-25T00:20:26","date_gmt":"2013-06-24T22:20:26","guid":{"rendered":"http:\/\/jeanettepeternek.de\/?page_id=29"},"modified":"2025-02-14T08:06:54","modified_gmt":"2025-02-14T06:06:54","slug":"uber-mich","status":"publish","type":"page","link":"https:\/\/jeanettepeternek.de\/?page_id=29","title":{"rendered":"\u00dcber mich"},"content":{"rendered":"<h4 align=\"LEFT\">Ich hei\u00dfe <em><strong>Jeanette Peternek,<\/strong><\/em> bin Jahrgang 77, verheiratet und Mutter von zwei S\u00f6hnen.&nbsp;<\/h4>\n<h4 align=\"LEFT\">Von Beruf bin ich <em><strong>Heilp\u00e4dagogin, PEKiP &#8211; Gruppenleitung, Entwicklungspsychologische Beraterin, zertifizierte Schlafberaterin 1001kindernacht\u00ae und Trainerin f\u00fcr Bewegungsbaustellen.<\/strong><\/em><\/h4>\n<h4 align=\"LEFT\">&nbsp;<\/h4>\n<h4 align=\"LEFT\"><span style=\"text-decoration: underline;\">Meine bisherigen Arbeitsorte waren:&nbsp;<\/span><\/h4>\n<h4 align=\"LEFT\">Die Ev. Stiftung Volmarstein, in der ich mehrere Jahre im Oscar Funke Haus f\u00fcr Kinder mit einer geistigen als auch k\u00f6rperlichen Behinderung t\u00e4tig war.&nbsp;<\/h4>\n<h4 align=\"LEFT\">Die Lebenshilfe Werkstatt in Witten f\u00fcr verhaltensauff\u00e4llige Erwachsene, wo ich mehrere Jahre als Leitung einer Produktionstrainingsgruppe arbeitete.<\/h4>\n<h4 align=\"LEFT\">Ab 2009 leitete ich Spiel- und PEKiP &#8211; Gruppen im Gemeinschaftskrankenhaus Herdecke und Bewegungsbaustellen f\u00fcr Kinder von 0 bis 3 Jahren an verschiedenen Standorten in Dortmund.&nbsp;<\/h4>\n<h4 align=\"LEFT\">Seit 2013 bin ich mit meiner <em><strong>&#8222;P\u00e4dagogischen Praxis f\u00fcr PEKiP und Beratung&#8220;<\/strong> <\/em>selbst\u00e4ndig und biete dort PEKiP &#8211; Kurse, Entwicklungspsychologische Beratung f\u00fcr Kinder von 0 bis 3 Jahren sowie Schlafberatung f\u00fcr Babys, Kinder und Jugendliche an.<\/h4>\n","protected":false},"excerpt":{"rendered":"<p>Ich hei\u00dfe Jeanette Peternek, bin Jahrgang 77, verheiratet und Mutter von zwei S\u00f6hnen.&nbsp; Von Beruf bin ich Heilp\u00e4dagogin, PEKiP &#8211; Gruppenleitung, Entwicklungspsychologische Beraterin, zertifizierte Schlafberaterin 1001kindernacht\u00ae und Trainerin f\u00fcr Bewegungsbaustellen. &nbsp; Meine bisherigen Arbeitsorte waren:&nbsp; Die Ev. Stiftung Volmarstein, in der ich mehrere Jahre im Oscar Funke Haus f\u00fcr Kinder mit einer geistigen als auch [&hellip;]<\/p>\n","protected":false},"author":1,"featured_media":0,"parent":0,"menu_order":9,"comment_status":"closed","ping_status":"closed","template":"page-full.php","meta":{"ngg_post_thumbnail":0,"footnotes":""},"class_list":["post-29","page","type-page","status-publish","hentry"],"_links":{"self":[{"href":"https:\/\/jeanettepeternek.de\/index.php?rest_route=\/wp\/v2\/pages\/29","targetHints":{"allow":["GET"]}}],"collection":[{"href":"https:\/\/jeanettepeternek.de\/index.php?rest_route=\/wp\/v2\/pages"}],"about":[{"href":"https:\/\/jeanettepeternek.de\/index.php?rest_route=\/wp\/v2\/types\/page"}],"author":[{"embeddable":true,"href":"https:\/\/jeanettepeternek.de\/index.php?rest_route=\/wp\/v2\/users\/1"}],"replies":[{"embeddable":true,"href":"https:\/\/jeanettepeternek.de\/index.php?rest_route=%2Fwp%2Fv2%2Fcomments&post=29"}],"version-history":[{"count":11,"href":"https:\/\/jeanettepeternek.de\/index.php?rest_route=\/wp\/v2\/pages\/29\/revisions"}],"predecessor-version":[{"id":703,"href":"https:\/\/jeanettepeternek.de\/index.php?rest_route=\/wp\/v2\/pages\/29\/revisions\/703"}],"wp:attachment":[{"href":"https:\/\/jeanettepeternek.de\/index.php?rest_route=%2Fwp%2Fv2%2Fmedia&parent=29"}],"curies":[{"name":"wp","href":"https:\/\/api.w.org\/{rel}","templated":true}]}}