{"id":322,"date":"2019-09-27T16:45:07","date_gmt":"2019-09-27T14:45:07","guid":{"rendered":"http:\/\/jeanettepeternek.de\/?page_id=322"},"modified":"2020-06-23T13:24:41","modified_gmt":"2020-06-23T11:24:41","slug":"signale-des-kindes","status":"publish","type":"page","link":"https:\/\/jeanettepeternek.de\/?page_id=322","title":{"rendered":"Signale des Kindes"},"content":{"rendered":"<h4>Im PEKiP &#8211; Kurs achten wir auf die Signale jedes Kindes, das uns zeigt, ob und wie lange es eine Anregung annehmen m\u00f6chte, ob es mitspielen, zusehen, trinken oder aber schlafen m\u00f6chte. Und ob es noch Freude an der Gruppenstunde hat oder doch lieber nach Hause m\u00f6chte.<\/h4>\n<h4>&nbsp;<\/h4>\n<h4>So ist jeder Elternteil angeregt, die Signale seines Kindes richtig zu lesen und sich nach dem Kind zu richten. Die Bed\u00fcrfnisse des Kindes gehen in der PEKiP &#8211; Gruppenstunde immer vor.&nbsp;<\/h4>\n<h4>&nbsp;<\/h4>\n<h4>Hier ist Stillen, F\u00fcttern, Schlafen und Zusp\u00e4tkommen ausdr\u00fccklich erlaubt!<\/h4>\n","protected":false},"excerpt":{"rendered":"<p>Im PEKiP &#8211; Kurs achten wir auf die Signale jedes Kindes, das uns zeigt, ob und wie lange es eine Anregung annehmen m\u00f6chte, ob es mitspielen, zusehen, trinken oder aber schlafen m\u00f6chte. Und ob es noch Freude an der Gruppenstunde hat oder doch lieber nach Hause m\u00f6chte. &nbsp; So ist jeder Elternteil angeregt, die Signale [&hellip;]<\/p>\n","protected":false},"author":1,"featured_media":0,"parent":0,"menu_order":0,"comment_status":"closed","ping_status":"closed","template":"page-full.php","meta":{"ngg_post_thumbnail":0,"footnotes":""},"class_list":["post-322","page","type-page","status-publish","hentry"],"_links":{"self":[{"href":"https:\/\/jeanettepeternek.de\/index.php?rest_route=\/wp\/v2\/pages\/322","targetHints":{"allow":["GET"]}}],"collection":[{"href":"https:\/\/jeanettepeternek.de\/index.php?rest_route=\/wp\/v2\/pages"}],"about":[{"href":"https:\/\/jeanettepeternek.de\/index.php?rest_route=\/wp\/v2\/types\/page"}],"author":[{"embeddable":true,"href":"https:\/\/jeanettepeternek.de\/index.php?rest_route=\/wp\/v2\/users\/1"}],"replies":[{"embeddable":true,"href":"https:\/\/jeanettepeternek.de\/index.php?rest_route=%2Fwp%2Fv2%2Fcomments&post=322"}],"version-history":[{"count":5,"href":"https:\/\/jeanettepeternek.de\/index.php?rest_route=\/wp\/v2\/pages\/322\/revisions"}],"predecessor-version":[{"id":349,"href":"https:\/\/jeanettepeternek.de\/index.php?rest_route=\/wp\/v2\/pages\/322\/revisions\/349"}],"wp:attachment":[{"href":"https:\/\/jeanettepeternek.de\/index.php?rest_route=%2Fwp%2Fv2%2Fmedia&parent=322"}],"curies":[{"name":"wp","href":"https:\/\/api.w.org\/{rel}","templated":true}]}}