{"id":7,"date":"2013-06-24T23:25:49","date_gmt":"2013-06-24T21:25:49","guid":{"rendered":"http:\/\/jeanettepeternek.de\/?page_id=7"},"modified":"2025-02-13T19:32:06","modified_gmt":"2025-02-13T17:32:06","slug":"pekip","status":"publish","type":"page","link":"https:\/\/jeanettepeternek.de\/?page_id=7","title":{"rendered":"PEKiP"},"content":{"rendered":"<h4 align=\"JUSTIFY\"><strong><span style=\"text-decoration: underline;\">Was ist das?<\/span><\/strong><\/h4>\n<h4 align=\"JUSTIFY\"><span style=\"font-family: Andalus, serif;\"><span style=\"font-size: medium;\">Das Prager-Eltern-Kind-Programm, kurz <strong>PEKiP<\/strong> genannt, ist eine Entwicklungsbegleitung f\u00fcr M\u00fctter oder V\u00e4ter mit ihren Kindern w\u00e4hrend des ersten Lebensjahres. Es werden Spiel- und Bewegungsanregungen angeboten, die das Kind in seiner Entwicklung unterst\u00fctzen und st\u00e4rken sollen. Beim gemeinsamen Entdecken und Erkunden steht immer der Kontakt zwischen Eltern und Kind, sp\u00e4ter dann auch zunehmend der Kinder untereinander im Mittelpunkt. Eine fachlich begleitende Art von Krabbelgruppe, in der sich die Kinder frei entwickeln k\u00f6nnen.<\/span><\/span><\/h4>\n<h4 align=\"JUSTIFY\">&nbsp;<\/h4>\n<h4 align=\"JUSTIFY\"><span style=\"font-family: Andalus, serif;\"><span style=\"font-size: medium;\">Wichtig beim gemeinsamen Spiel ist es, dass die aktuellen Bed\u00fcrfnisse des Kindes beachtet werden, das hei\u00dft , mit ihm zu spielen, wenn es in der aktiven Wachphase ist. Wenn das Kind m\u00fcde ist, darf es schlafen, wenn es hungrig ist, darf es trinken, wenn es seine Ruhe haben m\u00f6chte, lassen wir es in Ruhe.<\/span><\/span><\/h4>\n<h4 align=\"JUSTIFY\">&nbsp;<\/h4>\n<h4 align=\"JUSTIFY\"><span style=\"font-family: Andalus, serif;\"><span style=\"font-size: medium;\">W\u00e4hrend des Kurses haben die Eltern die M\u00f6glichkeit, mit anderen Eltern Kontakte zu kn\u00fcpfen und Erfahrungen auszutauschen. Das Kind bekommt die M\u00f6glichkeit, andere Kinder zu erleben und erste soziale Kontakte im Beisein der Eltern und zu den anderen Eltern der Gruppe aufzubauen.<\/span><\/span><\/h4>\n<h4 align=\"LEFT\">&nbsp;<\/h4>\n<h4 align=\"LEFT\"><strong><span style=\"text-decoration: underline;\">Ziele:&nbsp;<\/span><\/strong><\/h4>\n<h4><span style=\"font-family: Andalus, serif;\"><span style=\"font-size: medium;\"><b>Die Eltern-Kind-Beziehung f\u00f6rdern<\/b><br \/>\nDer intensive Kontakt zwischen Eltern und Kind in einer harmonischen Atmosph\u00e4re wirkt sich positiv auf die gesamte Entwicklung des Kindes aus. PEKiP bietet die M\u00f6glichkeit, sich frei von sonstigen Verpflichtungen ungest\u00f6rt mit seinem Kind zu besch\u00e4ftigen und sch\u00f6ne Stunden miteinander zu verbringen. <\/span><\/span><\/h4>\n<h4 align=\"LEFT\">&nbsp;<\/h4>\n<h4 align=\"LEFT\"><span style=\"font-family: Andalus, serif;\"><span style=\"font-size: medium;\"><b>Das Kind in seiner Entwicklung unterst\u00fctzen<\/b><br \/>\nPEKiP bietet den Raum, das Kind intensiv, zu beobachten und seine Entwicklung mit Bewegungs Spiel- und Sinnesanregungen zu begleiten und zu unterst\u00fctzen. <\/span><\/span><\/h4>\n<h4 align=\"LEFT\">&nbsp;<\/h4>\n<h4 align=\"LEFT\"><span style=\"font-family: Aharoni;\"><span style=\"font-size: medium;\"><span style=\"font-family: Andalus, serif;\"><b>Erfahrungsaustausch der Eltern untereinander f\u00f6rdern<\/b><\/span><span style=\"font-family: Andalus, serif;\"><br \/>\nIn der PEKiP-Gruppe k\u00f6nnen sich die Eltern in entspannter Atmosph\u00e4re austauschen und Themen, die die Entwicklung und Gesundheit des Kindes betreffen, besprechen. In einer Gruppe von Gleichgesinnten erfahren sie, wie andere Eltern sich in ihrer neuen Rolle als Mutter bzw. Vater f\u00fchlen und ihre neue<\/span> <span style=\"font-family: Andalus, serif;\">Lebenssituation meistern. Es gibt hier kein ,,richtig,, oder ,,falsch,,.<\/span><\/span><\/span><\/h4>\n<h4 align=\"LEFT\">&nbsp;<\/h4>\n<h4 align=\"LEFT\"><span style=\"font-family: Andalus, serif;\"><span style=\"font-size: medium;\"><b>Kontakte der Kinder untereinander unterst\u00fctzen<\/b><br \/>\nDie Kinder genie\u00dfen es, mit anderen Kindern zusammen zu sein und sie zu beobachten. Sie lernen von und miteinander, entdecken neue Dinge und haben Spa\u00df miteinander. <\/span><\/span><\/h4>\n<h4 align=\"LEFT\">&nbsp;<\/h4>\n<h4 align=\"LEFT\"><span style=\"font-family: Andalus, serif;\"><span style=\"font-size: medium;\"><b>PEKiP ein ganzheitlicher Ansatz f\u00fcr Eltern und Kind<\/b><\/span><\/span><\/h4>\n<h4>&nbsp;<\/h4>\n<h4><strong><span style=\"text-decoration: underline;\">Gruppe:<\/span><\/strong><\/h4>\n<h4 align=\"LEFT\"><span style=\"font-family: Andalus, serif;\"><span style=\"font-size: medium;\">Die PEKiP Gruppe besteht aus sechs bis acht Erwaschsenen und deren Kindern, die altersgem\u00e4\u00df m\u00f6glichst nahe beieinander liegen. Die Gruppe trifft sich ein Mal in der Woche f\u00fcr 90 Minuten. Ein ruhiges Ankommen sowie das An- und Ausziehen sind Bestandteil der Kurszeit. Die Gruppe bleibt m\u00f6glichst \u00fcber das gesamte erste Lebensjahr der Kinder zusammen und kann erweitert werden, bis die Kinder sicher und frei zu gehen beginnen.<\/span><\/span><\/h4>\n<h4 align=\"LEFT\">&nbsp;<\/h4>\n<h4 align=\"LEFT\"><span style=\"font-family: Andalus, serif;\"><span style=\"font-size: medium;\">Der Gruppenraum ist angenehm warm und mit Matten ausgelegt. Die Spielanregungen finden auf den Matten statt, w\u00e4hrend die Kinder nackt sind .<\/span><\/span><\/h4>\n<h4>&nbsp;<\/h4>\n<h4><span style=\"font-family: Andalus, serif;\"><span style=\"font-size: medium;\">Diese Spiel- und Bewegungsanregungen entsprechen dem jeweiligen Entwicklungsstand des jeweiligen Kindes, welches es in seiner eigenen Aktivit\u00e4t unterst\u00fctzt und gest\u00e4rkt werden soll. Diese Anregungen geschehen sowohl bei jedem einzelnen als auch in der Gruppe.<\/span><\/span><\/h4>\n","protected":false},"excerpt":{"rendered":"<p>Was ist das? Das Prager-Eltern-Kind-Programm, kurz PEKiP genannt, ist eine Entwicklungsbegleitung f\u00fcr M\u00fctter oder V\u00e4ter mit ihren Kindern w\u00e4hrend des ersten Lebensjahres. Es werden Spiel- und Bewegungsanregungen angeboten, die das Kind in seiner Entwicklung unterst\u00fctzen und st\u00e4rken sollen. Beim gemeinsamen Entdecken und Erkunden steht immer der Kontakt zwischen Eltern und Kind, sp\u00e4ter dann auch zunehmend [&hellip;]<\/p>\n","protected":false},"author":1,"featured_media":0,"parent":0,"menu_order":0,"comment_status":"closed","ping_status":"closed","template":"page-full.php","meta":{"ngg_post_thumbnail":0,"footnotes":""},"class_list":["post-7","page","type-page","status-publish","hentry"],"_links":{"self":[{"href":"https:\/\/jeanettepeternek.de\/index.php?rest_route=\/wp\/v2\/pages\/7","targetHints":{"allow":["GET"]}}],"collection":[{"href":"https:\/\/jeanettepeternek.de\/index.php?rest_route=\/wp\/v2\/pages"}],"about":[{"href":"https:\/\/jeanettepeternek.de\/index.php?rest_route=\/wp\/v2\/types\/page"}],"author":[{"embeddable":true,"href":"https:\/\/jeanettepeternek.de\/index.php?rest_route=\/wp\/v2\/users\/1"}],"replies":[{"embeddable":true,"href":"https:\/\/jeanettepeternek.de\/index.php?rest_route=%2Fwp%2Fv2%2Fcomments&post=7"}],"version-history":[{"count":11,"href":"https:\/\/jeanettepeternek.de\/index.php?rest_route=\/wp\/v2\/pages\/7\/revisions"}],"predecessor-version":[{"id":701,"href":"https:\/\/jeanettepeternek.de\/index.php?rest_route=\/wp\/v2\/pages\/7\/revisions\/701"}],"wp:attachment":[{"href":"https:\/\/jeanettepeternek.de\/index.php?rest_route=%2Fwp%2Fv2%2Fmedia&parent=7"}],"curies":[{"name":"wp","href":"https:\/\/api.w.org\/{rel}","templated":true}]}}