{"id":84,"date":"2013-06-25T02:04:30","date_gmt":"2013-06-25T00:04:30","guid":{"rendered":"http:\/\/jeanettepeternek.de\/?page_id=84"},"modified":"2020-01-18T18:04:41","modified_gmt":"2020-01-18T16:04:41","slug":"gastebuch","status":"publish","type":"page","link":"https:\/\/jeanettepeternek.de\/?page_id=84","title":{"rendered":"G\u00e4stebuch"},"content":{"rendered":"<h4>Ich w\u00fcrde mich sehr freuen, wenn Ihr mir an dieser Stelle einen kurzen Eintrag im G\u00e4stebuch hinterlassen w\u00fcrdet.<\/h4>\n<h4>F\u00fcr eine pers\u00f6nliche Nachricht bzw. eine Anfrage, verwendet aber bitte mein <a title=\"Kontakt\" href=\"http:\/\/jeanettepeternek.de\/?page_id=31\">Kontaktformular<\/a>.<\/h4>\n","protected":false},"excerpt":{"rendered":"<p>Ich w\u00fcrde mich sehr freuen, wenn Ihr mir an dieser Stelle einen kurzen Eintrag im G\u00e4stebuch hinterlassen w\u00fcrdet. F\u00fcr eine pers\u00f6nliche Nachricht bzw. eine Anfrage, verwendet aber bitte mein Kontaktformular.<\/p>\n","protected":false},"author":1,"featured_media":0,"parent":0,"menu_order":100,"comment_status":"open","ping_status":"closed","template":"page-full.php","meta":{"ngg_post_thumbnail":0,"footnotes":""},"class_list":["post-84","page","type-page","status-publish","hentry"],"_links":{"self":[{"href":"https:\/\/jeanettepeternek.de\/index.php?rest_route=\/wp\/v2\/pages\/84","targetHints":{"allow":["GET"]}}],"collection":[{"href":"https:\/\/jeanettepeternek.de\/index.php?rest_route=\/wp\/v2\/pages"}],"about":[{"href":"https:\/\/jeanettepeternek.de\/index.php?rest_route=\/wp\/v2\/types\/page"}],"author":[{"embeddable":true,"href":"https:\/\/jeanettepeternek.de\/index.php?rest_route=\/wp\/v2\/users\/1"}],"replies":[{"embeddable":true,"href":"https:\/\/jeanettepeternek.de\/index.php?rest_route=%2Fwp%2Fv2%2Fcomments&post=84"}],"version-history":[{"count":2,"href":"https:\/\/jeanettepeternek.de\/index.php?rest_route=\/wp\/v2\/pages\/84\/revisions"}],"predecessor-version":[{"id":345,"href":"https:\/\/jeanettepeternek.de\/index.php?rest_route=\/wp\/v2\/pages\/84\/revisions\/345"}],"wp:attachment":[{"href":"https:\/\/jeanettepeternek.de\/index.php?rest_route=%2Fwp%2Fv2%2Fmedia&parent=84"}],"curies":[{"name":"wp","href":"https:\/\/api.w.org\/{rel}","templated":true}]}}